{"id":9278,"date":"2024-08-01T05:24:28","date_gmt":"2024-08-01T08:24:28","guid":{"rendered":"https:\/?page_id=9278"},"modified":"2024-08-05T04:18:38","modified_gmt":"2024-08-05T07:18:38","slug":"finalizar-doacao","status":"publish","type":"page","link":"https:\/\/gerandobondade.com.br\/en\/finalizar-doacao\/","title":{"rendered":"Finalizar Doa\u00e7\u00e3o"},"content":{"rendered":"<div data-elementor-type=\"wp-page\" data-elementor-id=\"9278\" class=\"elementor elementor-9278\" data-elementor-post-type=\"page\">\n\t\t\t\t\t\t<section class=\"elementor-section elementor-top-section elementor-element elementor-element-2cdce84b elementor-section-boxed elementor-section-height-default elementor-section-height-default\" data-id=\"2cdce84b\" data-element_type=\"section\">\n\t\t\t\t\t\t<div class=\"elementor-container elementor-column-gap-default\">\n\t\t\t\t\t<div class=\"elementor-column elementor-col-100 elementor-top-column elementor-element elementor-element-3bcfb5dd\" data-id=\"3bcfb5dd\" data-element_type=\"column\">\n\t\t\t<div class=\"elementor-widget-wrap elementor-element-populated\">\n\t\t\t\t\t\t<div class=\"elementor-element elementor-element-473553db elementor-widget elementor-widget-text-editor\" data-id=\"473553db\" data-element_type=\"widget\" data-widget_type=\"text-editor.default\">\n\t\t\t\t<div class=\"elementor-widget-container\">\n\t\t\t\t\t\t\t<!-- wp:shortcode -->\n<div class=\"woocommerce\"><div class=\"woocommerce-notices-wrapper\"><\/div><form class=\"woocommerce-form woocommerce-form-login login\" method=\"post\" style=\"display:none;\" action=\"\">\n\n\t\n\t<p>Sign in with your account to contribute faster!<\/p>\n\n\t<p class=\"form-row form-row-first\">\n\t\t<label for=\"username\">Username or email&nbsp;<span class=\"required\" aria-hidden=\"true\">*<\/span><span class=\"screen-reader-text\" data-no-translation=\"\" data-trp-gettext=\"\">Required<\/span><\/label>\n\t\t<input type=\"text\" class=\"input-text\" name=\"username\" id=\"username\" autocomplete=\"username\" required aria-required=\"true\" \/>\n\t<\/p>\n\t<p class=\"form-row form-row-last\">\n\t\t<label for=\"password\">Password&nbsp;<span class=\"required\" aria-hidden=\"true\">*<\/span><span class=\"screen-reader-text\" data-no-translation=\"\" data-trp-gettext=\"\">Required<\/span><\/label>\n\t\t<input class=\"input-text woocommerce-Input\" type=\"password\" name=\"password\" id=\"password\" autocomplete=\"current-password\" required aria-required=\"true\" \/>\n\t<\/p>\n\t<div class=\"clear\"><\/div>\n\n\t\n\t<p class=\"form-row\">\n\t\t<label class=\"woocommerce-form__label woocommerce-form__label-for-checkbox woocommerce-form-login__rememberme\">\n\t\t\t<input class=\"woocommerce-form__input woocommerce-form__input-checkbox\" name=\"rememberme\" type=\"checkbox\" id=\"rememberme\" value=\"forever\" \/> <span data-no-translation=\"\" data-trp-gettext=\"\">Remember me<\/span>\n\t\t<\/label>\n\t\t<input type=\"hidden\" id=\"woocommerce-login-nonce\" name=\"woocommerce-login-nonce\" value=\"135b72aecd\" \/><input type=\"hidden\" name=\"_wp_http_referer\" value=\"\/en\/wp-json\/wp\/v2\/pages\/9278\" \/>\t\t<input type=\"hidden\" name=\"redirect\" value=\"https:\/\/gerandobondade.com.br\/en\/finalizar-doacao\/\" \/>\n\t\t<button type=\"submit\" class=\"woocommerce-button button woocommerce-form-login__submit\" name=\"login\" value=\"Login\" data-no-translation=\"\" data-trp-gettext=\"\" data-no-translation-value=\"\">Login<\/button>\n\t<\/p>\n\t<p class=\"lost_password\">\n\t\t<a href=\"https:\/\/gerandobondade.com.br\/en\/painel-do-doador\/senha-perdida\/\" data-no-translation=\"\" data-trp-gettext=\"\">Lost your password?<\/a>\n\t<\/p>\n\n\t<div class=\"clear\"><\/div>\n\n\t\n<input type=\"hidden\" name=\"trp-form-language\" value=\"en\"\/><\/form>\n<div class=\"woocommerce-notices-wrapper\"><\/div>        <style id=\"wcdp-css\">\n            :root {\n                --wcdp-main:\n                    #b3b3b3                ;\n                --wcdp-main-2:\n                    #00753a                ;\n                --wcdp-main-3:\n                    #de0000                ;\n                --wcdp-step-2:\n                    #b3b3b3                ;\n                --wcdp-step-3:\n                    #b3b3b3                ;\n                --wcdp-label-inactive: LightGray;\n                --wcdp-label-inactive-hover: #b5b5b5;\n                --wcdp-label-text: black;\n                --wcdp-label-text-checked: white;\n                --wcdp-background-color: white;\n                --wcdp-overlay-color: rgba(0, 0, 0, 0.8);\n                --wcdp-controls: black;\n            }\n        <\/style>\n        \n    <form name=\"checkout\" method=\"post\" class=\"checkout woocommerce-checkout\" action=\"https:\/\/gerandobondade.com.br\/en\/finalizar-doacao\/\" enctype=\"multipart\/form-data\" aria-label=\"Checkout\" data-no-translation-aria-label=\"\" data-trp-original-action=\"https:\/\/gerandobondade.com.br\/en\/finalizar-doacao\/\">\n\n        \n            \n            <div class=\"col2-set\" id=\"customer_details\">\n                <div class=\"col-1\">\n                    <wc-order-attribution-inputs><\/wc-order-attribution-inputs><div class=\"woocommerce-billing-fields\">\n    \n        <h3>Donor details<\/h3>\n    \n    \n    <div class=\"woocommerce-billing-fields__field-wrapper\">\n        <p class=\"form-row form-row-wide thwcfd-required thwcfd-field-wrapper thwcfd-field-text validate-required\" id=\"billing_first_name_field\" data-priority=\"10\"><label for=\"billing_first_name\" class=\"required_field\">Nome Completo&nbsp;<span class=\"required\" aria-hidden=\"true\">*<\/span><\/label><span class=\"woocommerce-input-wrapper\"><input type=\"text\" class=\"input-text\" name=\"billing_first_name\" id=\"billing_first_name\" placeholder=\"\"  value=\"\" aria-required=\"true\" autocomplete=\"section-billing billing given-name\" \/><\/span><\/p><p class=\"form-row form-row-wide thwcfd-required thwcfd-field-wrapper thwcfd-field-email validate-required validate-email\" id=\"billing_email_field\" data-priority=\"20\"><label for=\"billing_email\" class=\"required_field\">E-mail&nbsp;<span class=\"required\" aria-hidden=\"true\">*<\/span><\/label><span class=\"woocommerce-input-wrapper\"><input type=\"email\" class=\"input-text\" name=\"billing_email\" id=\"billing_email\" placeholder=\"Digite seu melhor email\"  value=\"\" aria-required=\"true\" autocomplete=\"section-billing billing email\" data-no-translation-placeholder=\"\" \/><\/span><\/p><p class=\"form-row form-row-wide thwcfd-field-wrapper thwcfd-field-text\" id=\"billing_cpf_field\" data-priority=\"30\"><label for=\"billing_cpf\" class=\"\">CPF&nbsp;<span class=\"optional\">(optional)<\/span><\/label><span class=\"woocommerce-input-wrapper\"><input type=\"text\" class=\"input-text\" name=\"billing_cpf\" id=\"billing_cpf\" placeholder=\"obrigat\u00f3rio para PIX e Boletos\"  value=\"\" data-no-translation-placeholder=\"\"  \/><\/span><\/p><p class=\"form-row form-row-wide thwcfd-field-wrapper thwcfd-field-tel validate-phone\" id=\"billing_phone_field\" data-priority=\"40\"><label for=\"billing_phone\" class=\"\">Telefone com DDD&nbsp;<span class=\"optional\">(optional)<\/span><\/label><span class=\"woocommerce-input-wrapper\"><input type=\"tel\" class=\"input-text\" name=\"billing_phone\" id=\"billing_phone\" placeholder=\"Digite apenas os n\u00fameros\"  value=\"\" autocomplete=\"tel\" data-no-translation-placeholder=\"\" \/><\/span><\/p><p class=\"form-row form-row-wide thwcfd-field-wrapper thwcfd-field-textarea\" id=\"notas_field\" data-priority=\"50\"><label for=\"notas\" class=\"\">Notas&nbsp;<span class=\"optional\">(optional)<\/span><\/label><span class=\"woocommerce-input-wrapper\"><textarea name=\"notas\" class=\"input-text\" id=\"notas\" placeholder=\"Quer deixar alguma mensagem ou informa\u00e7\u00e3o importante para n\u00f3s?\"  rows=\"2\" cols=\"5\" data-no-translation-placeholder=\"\"><\/textarea><\/span><\/p><div class=\"form-row  thwcfd-field-wrapper thwcfd-field-heading thwcfd-field-wrapper thwcfd-field-heading\" id=\"billing__field\" data-name=\"billing_\" ><h6 class=\"\" data-no-translation=\"\" data-trp-gettext=\"\" >Protegemos seus dados. Sua privacidade est\u00e1 em primeiro lugar. Nosso site segue as diretrizes da LGPD (Lei Geral de Prote\u00e7\u00e3o de Dados). Seus dados pessoais \u2014 como e-mail, telefone e CPF \u2014 s\u00e3o armazenados com seguran\u00e7a e jamais ser\u00e3o compartilhados com terceiros. Ao concluir sua doa\u00e7\u00e3o, voc\u00ea poder\u00e1 optar por ter apenas o seu nome e o valor doado exibidos na lista de doadores da campanha. Essa informa\u00e7\u00e3o incentiva novas contribui\u00e7\u00f5es. Se preferir doar de forma an\u00f4nima, n\u00e3o se preocupe: apenas o valor ser\u00e1 exibido na lista, sem qualquer identifica\u00e7\u00e3o\u00a0sobre\u00a0o\u00a0doador.<\/h6><\/div>    <\/div>\n\n    <wc-order-attribution-inputs><\/wc-order-attribution-inputs><\/div>\n\n    <div class=\"woocommerce-account-fields\">\n        \n            <p class=\"form-row form-row-wide create-account\">\n                <label class=\"woocommerce-form__label woocommerce-form__label-for-checkbox checkbox\">\n                    <input class=\"woocommerce-form__input woocommerce-form__input-checkbox input-checkbox\" id=\"createaccount\"\n                         type=\"checkbox\"\n                        name=\"createaccount\" value=\"1\" \/>\n                    <span data-no-translation=\"\" data-trp-gettext=\"\">Create an account?<\/span>\n                <\/label>\n            <\/p>\n\n        \n        \n        \n            <\/div>\n                <\/div>\n\n                <div class=\"col-2\">\n                    <wc-order-attribution-inputs><\/wc-order-attribution-inputs><div class=\"woocommerce-shipping-fields\">\n\t<\/div>\n<div class=\"woocommerce-additional-fields\">\n\t\n\t\n\t<wc-order-attribution-inputs><\/wc-order-attribution-inputs><\/div>\n                <\/div>\n            <\/div>\n\n            <wc-order-attribution-inputs><\/wc-order-attribution-inputs>\n        \n        \n        <h3 id=\"order_review_heading\">Your donation<\/h3>\n\n        \n        <div id=\"order_review\" class=\"woocommerce-checkout-review-order\">\n            <table class=\"shop_table woocommerce-checkout-review-order-table\">\n    <tbody>\n            <\/tbody>\n    <tfoot>\n\n        \n        \n        \n        \n        \n        \n        <tr class=\"order-total\">\n            <th>Donation Amount<\/th>\n            <td><strong><span class=\"woocommerce-Price-amount amount\"><bdi><span class=\"woocommerce-Price-currencySymbol\">&#82;&#36;<\/span>0,00<\/bdi><\/span><\/strong> <\/td>\n        <\/tr>\n\n        \n    <\/tfoot>\n<\/table><div id=\"payment\" class=\"woocommerce-checkout-payment\">\n        <div class=\"form-row place-order\">\n        <noscript>\n            Please activate JavaScript to continue with your donation.            <br \/><button type=\"submit\"\n                class=\"button alt\"\n                name=\"woocommerce_checkout_update_totals\"\n                value=\"Update totals\" data-no-translation=\"\" data-trp-gettext=\"\" data-no-translation-value=\"\">Update totals<\/button>\n        <\/noscript>\n\n        \t<div class=\"woocommerce-terms-and-conditions-wrapper\">\n\t\t<div class=\"woocommerce-privacy-policy-text\"><p>Your personal data will be used to process your order, support your experience throughout this website, and for other purposes described in our  <a href=\"https:\/\/gerandobondade.com.br\/en\/refund_returns\/\" class=\"woocommerce-privacy-policy-link\" target=\"_blank\" data-no-translation=\"\" data-trp-gettext=\"\">privacy policy<\/a>.<\/p>\n<\/div>\n\t\t\t<\/div>\n\t\n        <div id=\"ppcp-recaptcha-v2-container\" style=\"margin:20px 0;\"><\/div>\n        <button type=\"submit\" class=\"button alt\" name=\"woocommerce_checkout_place_order\" style=\"display:none\" id=\"place_order\" value=\"Donate now\" data-value=\"Donate now\">Donate now<\/button>\n        <div id=\"ppc-button-ppcp-applepay\"><\/div><div id=\"ppc-button-ppcp-googlepay\"><\/div>\n        <input type=\"hidden\" id=\"woocommerce-process-checkout-nonce\" name=\"woocommerce-process-checkout-nonce\" value=\"f6ccdd5f07\" \/><input type=\"hidden\" name=\"_wp_http_referer\" value=\"\/en\/wp-json\/wp\/v2\/pages\/9278\" \/>    <\/div>\n<\/div>\n        <\/div>\n\n        \n    <input type=\"hidden\" name=\"trp-form-language\" value=\"en\"\/><\/form>\n\n<\/div>\n<!-- \/wp:shortcode -->\n\n<!-- wp:paragraph -->\n<p><\/p>\n<!-- \/wp:paragraph -->\t\t\t\t\t\t<\/div>\n\t\t\t\t<\/div>\n\t\t\t\t\t<\/div>\n\t\t<\/div>\n\t\t\t\t\t<\/div>\n\t\t<\/section>\n\t\t\t\t<section class=\"elementor-section elementor-top-section elementor-element elementor-element-4993f79 elementor-section-boxed elementor-section-height-default elementor-section-height-default\" data-id=\"4993f79\" data-element_type=\"section\">\n\t\t\t\t\t\t<div class=\"elementor-container elementor-column-gap-default\">\n\t\t\t\t\t<div class=\"elementor-column elementor-col-100 elementor-top-column elementor-element elementor-element-02f8c84\" data-id=\"02f8c84\" data-element_type=\"column\">\n\t\t\t<div class=\"elementor-widget-wrap elementor-element-populated\">\n\t\t\t\t\t\t<div class=\"elementor-element elementor-element-9b51994 elementor-widget elementor-widget-image\" data-id=\"9b51994\" data-element_type=\"widget\" data-widget_type=\"image.default\">\n\t\t\t\t<div class=\"elementor-widget-container\">\n\t\t\t\t\t\t\t\t\t\t\t\t\t<img fetchpriority=\"high\" decoding=\"async\" width=\"567\" height=\"850\" src=\"https:\/\/gerandobondade.com.br\/wp-content\/uploads\/2020\/03\/info-banner_layout.png\" class=\"attachment-large size-large wp-image-278\" alt=\"\" \/>\t\t\t\t\t\t\t\t\t\t\t\t\t<\/div>\n\t\t\t\t<\/div>\n\t\t\t\t\t<\/div>\n\t\t<\/div>\n\t\t\t\t\t<\/div>\n\t\t<\/section>\n\t\t\t\t<\/div>","protected":false},"excerpt":{"rendered":"","protected":false},"author":1,"featured_media":0,"parent":0,"menu_order":0,"comment_status":"closed","ping_status":"closed","template":"","meta":{"inline_featured_image":false,"footnotes":""},"class_list":["post-9278","page","type-page","status-publish","hentry"],"aioseo_notices":[],"_links":{"self":[{"href":"https:\/\/gerandobondade.com.br\/en\/wp-json\/wp\/v2\/pages\/9278","targetHints":{"allow":["GET"]}}],"collection":[{"href":"https:\/\/gerandobondade.com.br\/en\/wp-json\/wp\/v2\/pages"}],"about":[{"href":"https:\/\/gerandobondade.com.br\/en\/wp-json\/wp\/v2\/types\/page"}],"author":[{"embeddable":true,"href":"https:\/\/gerandobondade.com.br\/en\/wp-json\/wp\/v2\/users\/1"}],"replies":[{"embeddable":true,"href":"https:\/\/gerandobondade.com.br\/en\/wp-json\/wp\/v2\/comments?post=9278"}],"version-history":[{"count":16,"href":"https:\/\/gerandobondade.com.br\/en\/wp-json\/wp\/v2\/pages\/9278\/revisions"}],"predecessor-version":[{"id":10006,"href":"https:\/\/gerandobondade.com.br\/en\/wp-json\/wp\/v2\/pages\/9278\/revisions\/10006"}],"wp:attachment":[{"href":"https:\/\/gerandobondade.com.br\/en\/wp-json\/wp\/v2\/media?parent=9278"}],"curies":[{"name":"wp","href":"https:\/\/api.w.org\/{rel}","templated":true}]}}