{"id":2184,"date":"2020-03-25T03:28:36","date_gmt":"2020-03-25T06:28:36","guid":{"rendered":"https:\/\/helpocharity.artureanec.com\/donation-failed\/"},"modified":"2021-08-30T22:47:11","modified_gmt":"2021-08-31T01:47:11","slug":"doacao-falhou","status":"publish","type":"page","link":"https:\/\/gerandobondade.com.br\/pt_br\/doacao-falhou\/","title":{"rendered":"Doa\u00e7\u00e3o Falhou"},"content":{"rendered":"<p><span class=\"VIiyi\" lang=\"pt\"><span class=\"JLqJ4b ChMk0b\" data-language-for-alternatives=\"pt\" data-language-to-translate-into=\"en\" data-phrase-index=\"0\">Lamentamos, sua doa\u00e7\u00e3o n\u00e3o foi processada.<\/span> <span class=\"JLqJ4b ChMk0b\" data-language-for-alternatives=\"pt\" data-language-to-translate-into=\"en\" data-phrase-index=\"1\">Tente novamente ou entre em contato com o nosso suporte.<\/span><\/span><\/p>\n","protected":false},"excerpt":{"rendered":"<p>Lamentamos, sua doa\u00e7\u00e3o n\u00e3o foi processada. Tente novamente ou entre em contato com o nosso suporte.<\/p>\n","protected":false},"author":1,"featured_media":0,"parent":0,"menu_order":0,"comment_status":"closed","ping_status":"closed","template":"","meta":{"inline_featured_image":false,"footnotes":""},"class_list":["post-2184","page","type-page","status-publish","hentry"],"aioseo_notices":[],"_links":{"self":[{"href":"https:\/\/gerandobondade.com.br\/pt_br\/wp-json\/wp\/v2\/pages\/2184","targetHints":{"allow":["GET"]}}],"collection":[{"href":"https:\/\/gerandobondade.com.br\/pt_br\/wp-json\/wp\/v2\/pages"}],"about":[{"href":"https:\/\/gerandobondade.com.br\/pt_br\/wp-json\/wp\/v2\/types\/page"}],"author":[{"embeddable":true,"href":"https:\/\/gerandobondade.com.br\/pt_br\/wp-json\/wp\/v2\/users\/1"}],"replies":[{"embeddable":true,"href":"https:\/\/gerandobondade.com.br\/pt_br\/wp-json\/wp\/v2\/comments?post=2184"}],"version-history":[{"count":2,"href":"https:\/\/gerandobondade.com.br\/pt_br\/wp-json\/wp\/v2\/pages\/2184\/revisions"}],"predecessor-version":[{"id":3007,"href":"https:\/\/gerandobondade.com.br\/pt_br\/wp-json\/wp\/v2\/pages\/2184\/revisions\/3007"}],"wp:attachment":[{"href":"https:\/\/gerandobondade.com.br\/pt_br\/wp-json\/wp\/v2\/media?parent=2184"}],"curies":[{"name":"wp","href":"https:\/\/api.w.org\/{rel}","templated":true}]}}