{"id":2185,"date":"2020-03-25T03:28:36","date_gmt":"2020-03-25T06:28:36","guid":{"rendered":"https:\/\/helpocharity.artureanec.com\/donation-history\/"},"modified":"2021-08-30T22:46:50","modified_gmt":"2021-08-31T01:46:50","slug":"historico-de-doacoes","status":"publish","type":"page","link":"https:\/\/gerandobondade.com.br\/pt_br\/historico-de-doacoes\/","title":{"rendered":"Hist\u00f3rico de doa\u00e7\u00f5es"},"content":{"rendered":"<p>[donation_history]<\/p>\n","protected":false},"excerpt":{"rendered":"<p>[donation_history]<\/p>\n","protected":false},"author":1,"featured_media":0,"parent":0,"menu_order":0,"comment_status":"closed","ping_status":"closed","template":"","meta":{"inline_featured_image":false,"footnotes":""},"class_list":["post-2185","page","type-page","status-publish","hentry"],"aioseo_notices":[],"_links":{"self":[{"href":"https:\/\/gerandobondade.com.br\/pt_br\/wp-json\/wp\/v2\/pages\/2185","targetHints":{"allow":["GET"]}}],"collection":[{"href":"https:\/\/gerandobondade.com.br\/pt_br\/wp-json\/wp\/v2\/pages"}],"about":[{"href":"https:\/\/gerandobondade.com.br\/pt_br\/wp-json\/wp\/v2\/types\/page"}],"author":[{"embeddable":true,"href":"https:\/\/gerandobondade.com.br\/pt_br\/wp-json\/wp\/v2\/users\/1"}],"replies":[{"embeddable":true,"href":"https:\/\/gerandobondade.com.br\/pt_br\/wp-json\/wp\/v2\/comments?post=2185"}],"version-history":[{"count":1,"href":"https:\/\/gerandobondade.com.br\/pt_br\/wp-json\/wp\/v2\/pages\/2185\/revisions"}],"predecessor-version":[{"id":3008,"href":"https:\/\/gerandobondade.com.br\/pt_br\/wp-json\/wp\/v2\/pages\/2185\/revisions\/3008"}],"wp:attachment":[{"href":"https:\/\/gerandobondade.com.br\/pt_br\/wp-json\/wp\/v2\/media?parent=2185"}],"curies":[{"name":"wp","href":"https:\/\/api.w.org\/{rel}","templated":true}]}}