{"id":63,"date":"2025-03-17T14:52:03","date_gmt":"2025-03-17T14:52:03","guid":{"rendered":"https:\/\/gerandobondade.com.br\/rifa\/?page_id=63"},"modified":"2025-03-28T18:53:50","modified_gmt":"2025-03-28T21:53:50","slug":"reservas","status":"publish","type":"page","link":"https:\/\/gerandobondade.com.br\/rifa\/reservas\/","title":{"rendered":"Reservas"},"content":{"rendered":"\t\t<div data-elementor-type=\"wp-page\" data-elementor-id=\"63\" class=\"elementor elementor-63\" data-elementor-post-type=\"page\">\n\t\t\t\t<div class=\"elementor-element elementor-element-4e84f6d3 e-con-full e-flex e-con e-parent\" data-id=\"4e84f6d3\" data-element_type=\"container\" data-e-type=\"container\" data-settings=\"{&quot;background_background&quot;:&quot;classic&quot;}\">\n\t\t\t\t<\/div>\n\t\t<div class=\"elementor-element elementor-element-48e7caa5 e-flex e-con-boxed e-con e-parent\" data-id=\"48e7caa5\" data-element_type=\"container\" data-e-type=\"container\" data-settings=\"{&quot;background_background&quot;:&quot;classic&quot;}\">\n\t\t\t\t\t<div class=\"e-con-inner\">\n\t\t<div class=\"elementor-element elementor-element-22a96a e-con-full e-flex e-con e-child\" data-id=\"22a96a\" data-element_type=\"container\" data-e-type=\"container\" data-settings=\"{&quot;background_background&quot;:&quot;classic&quot;}\">\n\t\t\t\t<div class=\"elementor-element elementor-element-2c578bb6 elementor-widget elementor-widget-heading\" data-id=\"2c578bb6\" data-element_type=\"widget\" data-e-type=\"widget\" data-widget_type=\"heading.default\">\n\t\t\t\t<div class=\"elementor-widget-container\">\n\t\t\t\t\t<h4 class=\"elementor-heading-title elementor-size-default\">\ud83c\udf9f\ufe0f Consultar N\u00fameros Comprados<\/h4>\t\t\t\t<\/div>\n\t\t\t\t<\/div>\n\t\t\t\t<div class=\"elementor-element elementor-element-1dd03cde elementor-widget elementor-widget-shortcode\" data-id=\"1dd03cde\" data-element_type=\"widget\" data-e-type=\"widget\" data-widget_type=\"shortcode.default\">\n\t\t\t\t<div class=\"elementor-widget-container\">\n\t\t\t\t\t\t\t<div class=\"elementor-shortcode\"><div class=\"row\">       \r\n        <form method=\"post\" action=\"?buscar-reservas=sim\">\r\n           <input type=\"text\" name=\"emailConsultaBuscarReservas\" class=\"form-control input-pesquisar-pedido\" placeholder=\"Digite seu email ou telefone\" required style=\"border:1px solid #ccc !important;max-width:70%;\" \/>\r\n          <button type=\"submit\" style=\"\" class=\"btn btn-primary botao-pesquisa-pedido\">Buscar<\/button>\r\n       <\/form>\r\n    <\/div><\/div>\n\t\t\t\t\t\t<\/div>\n\t\t\t\t<\/div>\n\t\t\t\t<div class=\"elementor-element elementor-element-6ce0537c elementor-widget elementor-widget-heading\" data-id=\"6ce0537c\" data-element_type=\"widget\" data-e-type=\"widget\" data-widget_type=\"heading.default\">\n\t\t\t\t<div class=\"elementor-widget-container\">\n\t\t\t\t\t<h2 class=\"elementor-heading-title elementor-size-default\">Pesquise seus bilhetes usando o e-mail ou n\u00famero de telefone (somente n\u00fameros com DDD).\n<br \/><br \/>\nAp\u00f3s cada pedido feito em nosso site, voc\u00ea recebe um comprovante com os n\u00fameros comprados diretamente no seu e-mail.<\/h2>\t\t\t\t<\/div>\n\t\t\t\t<\/div>\n\t\t\t\t<\/div>\n\t\t\t\t\t<\/div>\n\t\t\t\t<\/div>\n\t\t\t\t<\/div>\n\t\t","protected":false},"excerpt":{"rendered":"<p>\ud83c\udf9f\ufe0f Consultar N\u00fameros Comprados Pesquise seus bilhetes usando o e-mail ou n\u00famero de telefone (somente n\u00fameros com DDD). Ap\u00f3s cada pedido feito em nosso site, voc\u00ea recebe um comprovante com os n\u00fameros comprados diretamente no seu e-mail.<\/p>\n","protected":false},"author":1,"featured_media":0,"parent":0,"menu_order":0,"comment_status":"closed","ping_status":"closed","template":"elementor_header_footer","meta":{"_acf_changed":false,"footnotes":""},"class_list":["post-63","page","type-page","status-publish","hentry"],"acf":[],"aioseo_notices":[],"_links":{"self":[{"href":"https:\/\/gerandobondade.com.br\/rifa\/wp-json\/wp\/v2\/pages\/63","targetHints":{"allow":["GET"]}}],"collection":[{"href":"https:\/\/gerandobondade.com.br\/rifa\/wp-json\/wp\/v2\/pages"}],"about":[{"href":"https:\/\/gerandobondade.com.br\/rifa\/wp-json\/wp\/v2\/types\/page"}],"author":[{"embeddable":true,"href":"https:\/\/gerandobondade.com.br\/rifa\/wp-json\/wp\/v2\/users\/1"}],"replies":[{"embeddable":true,"href":"https:\/\/gerandobondade.com.br\/rifa\/wp-json\/wp\/v2\/comments?post=63"}],"version-history":[{"count":37,"href":"https:\/\/gerandobondade.com.br\/rifa\/wp-json\/wp\/v2\/pages\/63\/revisions"}],"predecessor-version":[{"id":604,"href":"https:\/\/gerandobondade.com.br\/rifa\/wp-json\/wp\/v2\/pages\/63\/revisions\/604"}],"wp:attachment":[{"href":"https:\/\/gerandobondade.com.br\/rifa\/wp-json\/wp\/v2\/media?parent=63"}],"curies":[{"name":"wp","href":"https:\/\/api.w.org\/{rel}","templated":true}]}}